{"id":749,"date":"2023-06-30T12:14:09","date_gmt":"2023-06-30T10:14:09","guid":{"rendered":"https:\/\/www.domsvgeorgije.com\/servizi\/"},"modified":"2023-07-10T02:59:30","modified_gmt":"2023-07-10T00:59:30","slug":"servizi","status":"publish","type":"page","link":"https:\/\/www.domsvgeorgije.com\/it\/servizi\/","title":{"rendered":"Servizi"},"content":{"rendered":"\t\t<div data-elementor-type=\"wp-page\" data-elementor-id=\"749\" class=\"elementor elementor-749 elementor-39\" data-elementor-post-type=\"page\">\n\t\t\t\t\t\t\t<div data-particle_enable=\"false\" data-particle-mobile-disabled=\"false\" class=\"elementor-element elementor-element-dff3539 e-flex e-con-boxed e-con\" data-id=\"dff3539\" data-element_type=\"container\" data-settings=\"{&quot;background_background&quot;:&quot;classic&quot;,&quot;content_width&quot;:&quot;boxed&quot;}\">\n\t\t\t\t\t<div class=\"e-con-inner\">\n\t\t\t\t<div class=\"elementor-element elementor-element-a73f47b elementor-widget elementor-widget-heading\" data-id=\"a73f47b\" data-element_type=\"widget\" data-widget_type=\"heading.default\">\n\t\t\t\t<div class=\"elementor-widget-container\">\n\t\t\t<style>\/*! elementor - v3.14.0 - 18-06-2023 *\/\n.elementor-heading-title{padding:0;margin:0;line-height:1}.elementor-widget-heading .elementor-heading-title[class*=elementor-size-]>a{color:inherit;font-size:inherit;line-height:inherit}.elementor-widget-heading .elementor-heading-title.elementor-size-small{font-size:15px}.elementor-widget-heading .elementor-heading-title.elementor-size-medium{font-size:19px}.elementor-widget-heading .elementor-heading-title.elementor-size-large{font-size:29px}.elementor-widget-heading .elementor-heading-title.elementor-size-xl{font-size:39px}.elementor-widget-heading .elementor-heading-title.elementor-size-xxl{font-size:59px}<\/style><h1 class=\"elementor-heading-title elementor-size-default\">Servizi<\/h1>\t\t<\/div>\n\t\t\t\t<\/div>\n\t\t\t\t\t<\/div>\n\t\t\t\t<\/div>\n\t\t<div data-particle_enable=\"false\" data-particle-mobile-disabled=\"false\" class=\"elementor-element elementor-element-477ecf1 e-flex e-con-boxed e-con\" data-id=\"477ecf1\" data-element_type=\"container\" data-settings=\"{&quot;content_width&quot;:&quot;boxed&quot;}\">\n\t\t\t\t\t<div class=\"e-con-inner\">\n\t\t<div data-particle_enable=\"false\" data-particle-mobile-disabled=\"false\" class=\"elementor-element elementor-element-6dd6f0a e-con-full e-flex e-con\" data-id=\"6dd6f0a\" data-element_type=\"container\" data-settings=\"{&quot;content_width&quot;:&quot;full&quot;}\">\n\t\t\t\t<div class=\"elementor-element elementor-element-d9f439e elementor-widget elementor-widget-heading\" data-id=\"d9f439e\" data-element_type=\"widget\" data-widget_type=\"heading.default\">\n\t\t\t\t<div class=\"elementor-widget-container\">\n\t\t\t<h2 class=\"elementor-heading-title elementor-size-default\">CONTROLLI REGOLARI<\/h2>\t\t<\/div>\n\t\t\t\t<\/div>\n\t\t\t\t<div class=\"elementor-element elementor-element-49db0bf elementor-widget elementor-widget-text-editor\" data-id=\"49db0bf\" data-element_type=\"widget\" data-widget_type=\"text-editor.default\">\n\t\t\t\t<div class=\"elementor-widget-container\">\n\t\t\t<style>\/*! elementor - v3.14.0 - 18-06-2023 *\/\n.elementor-widget-text-editor.elementor-drop-cap-view-stacked .elementor-drop-cap{background-color:#69727d;color:#fff}.elementor-widget-text-editor.elementor-drop-cap-view-framed .elementor-drop-cap{color:#69727d;border:3px solid;background-color:transparent}.elementor-widget-text-editor:not(.elementor-drop-cap-view-default) .elementor-drop-cap{margin-top:8px}.elementor-widget-text-editor:not(.elementor-drop-cap-view-default) .elementor-drop-cap-letter{width:1em;height:1em}.elementor-widget-text-editor .elementor-drop-cap{float:left;text-align:center;line-height:1;font-size:50px}.elementor-widget-text-editor .elementor-drop-cap-letter{display:inline-block}<\/style>\t\t\t\t<p>LA TUA SALUTE \u00c8 LA NOSTRA CURA<\/p>\n\t\t\t\t\t\t<\/div>\n\t\t\t\t<\/div>\n\t\t\t\t<div class=\"elementor-element elementor-element-7926f7d elementor-widget elementor-widget-text-editor\" data-id=\"7926f7d\" data-element_type=\"widget\" data-widget_type=\"text-editor.default\">\n\t\t\t\t<div class=\"elementor-widget-container\">\n\t\t\t\t\t\t\t<p><span style=\"font-weight: 400;\">La residenza dispone di un proprio laboratorio e di apparecchiature diagnostiche di base. Possiede un&#8217;ambulanza per il trasporto in caso di intervento di emergenza che eccede le nostre capacit\u00e0, e ha una siglata collaborazione tecnico-aziendale con le istituzioni sanitarie locali e statali. Sono previste anche visite di medici specialisti. Medici, caposala, psicologi, fisioterapisti, infermieri e badanti che lavorano a tempo pieno.<\/span><\/p>\n\t\t\t\t\t\t<\/div>\n\t\t\t\t<\/div>\n\t\t\t\t<\/div>\n\t\t<div data-particle_enable=\"false\" data-particle-mobile-disabled=\"false\" class=\"elementor-element elementor-element-eac6bdb e-con-full e-flex e-con\" data-id=\"eac6bdb\" data-element_type=\"container\" data-settings=\"{&quot;content_width&quot;:&quot;full&quot;}\">\n\t\t\t\t<div class=\"elementor-element elementor-element-1c892b1 elementor-widget elementor-widget-image\" data-id=\"1c892b1\" data-element_type=\"widget\" data-widget_type=\"image.default\">\n\t\t\t\t<div class=\"elementor-widget-container\">\n\t\t\t<style>\/*! elementor - v3.14.0 - 18-06-2023 *\/\n.elementor-widget-image{text-align:center}.elementor-widget-image a{display:inline-block}.elementor-widget-image a img[src$=\".svg\"]{width:48px}.elementor-widget-image img{vertical-align:middle;display:inline-block}<\/style>\t\t\t\t\t\t\t\t\t\t\t\t<img loading=\"lazy\" decoding=\"async\" width=\"880\" height=\"660\" src=\"https:\/\/www.domsvgeorgije.com\/wp-content\/uploads\/2023\/07\/REDOVITE-KONTROLE.jpg\" class=\"attachment-large size-large wp-image-347\" alt=\"\" srcset=\"https:\/\/www.domsvgeorgije.com\/wp-content\/uploads\/2023\/07\/REDOVITE-KONTROLE.jpg 880w, https:\/\/www.domsvgeorgije.com\/wp-content\/uploads\/2023\/07\/REDOVITE-KONTROLE-300x225.jpg 300w, https:\/\/www.domsvgeorgije.com\/wp-content\/uploads\/2023\/07\/REDOVITE-KONTROLE-768x576.jpg 768w\" sizes=\"auto, (max-width: 880px) 100vw, 880px\" \/>\t\t\t\t\t\t\t\t\t\t\t\t\t\t\t<\/div>\n\t\t\t\t<\/div>\n\t\t\t\t<\/div>\n\t\t\t\t\t<\/div>\n\t\t\t\t<\/div>\n\t\t<div data-particle_enable=\"false\" data-particle-mobile-disabled=\"false\" class=\"elementor-element elementor-element-2007858 e-flex e-con-boxed e-con\" data-id=\"2007858\" data-element_type=\"container\" data-settings=\"{&quot;content_width&quot;:&quot;boxed&quot;}\">\n\t\t\t\t\t<div class=\"e-con-inner\">\n\t\t<div data-particle_enable=\"false\" data-particle-mobile-disabled=\"false\" class=\"elementor-element elementor-element-7d6a3fc e-con-full e-flex e-con\" data-id=\"7d6a3fc\" data-element_type=\"container\" data-settings=\"{&quot;content_width&quot;:&quot;full&quot;}\">\n\t\t\t\t<div class=\"elementor-element elementor-element-6539c07 elementor-widget elementor-widget-image\" data-id=\"6539c07\" data-element_type=\"widget\" data-widget_type=\"image.default\">\n\t\t\t\t<div class=\"elementor-widget-container\">\n\t\t\t\t\t\t\t\t\t\t\t\t\t\t\t<img loading=\"lazy\" decoding=\"async\" width=\"880\" height=\"660\" src=\"https:\/\/www.domsvgeorgije.com\/wp-content\/uploads\/2023\/07\/HRANLJIVA-HRANA.jpg\" class=\"attachment-large size-large wp-image-348\" alt=\"\" srcset=\"https:\/\/www.domsvgeorgije.com\/wp-content\/uploads\/2023\/07\/HRANLJIVA-HRANA.jpg 880w, https:\/\/www.domsvgeorgije.com\/wp-content\/uploads\/2023\/07\/HRANLJIVA-HRANA-300x225.jpg 300w, https:\/\/www.domsvgeorgije.com\/wp-content\/uploads\/2023\/07\/HRANLJIVA-HRANA-768x576.jpg 768w\" sizes=\"auto, (max-width: 880px) 100vw, 880px\" \/>\t\t\t\t\t\t\t\t\t\t\t\t\t\t\t<\/div>\n\t\t\t\t<\/div>\n\t\t\t\t<\/div>\n\t\t<div data-particle_enable=\"false\" data-particle-mobile-disabled=\"false\" class=\"elementor-element elementor-element-618324f e-con-full e-flex e-con\" data-id=\"618324f\" data-element_type=\"container\" data-settings=\"{&quot;content_width&quot;:&quot;full&quot;}\">\n\t\t\t\t<div class=\"elementor-element elementor-element-1a1a703 elementor-widget elementor-widget-heading\" data-id=\"1a1a703\" data-element_type=\"widget\" data-widget_type=\"heading.default\">\n\t\t\t\t<div class=\"elementor-widget-container\">\n\t\t\t<h2 class=\"elementor-heading-title elementor-size-default\">CIBO NUTRIENTE<\/h2>\t\t<\/div>\n\t\t\t\t<\/div>\n\t\t\t\t<div class=\"elementor-element elementor-element-a4a427b elementor-widget elementor-widget-text-editor\" data-id=\"a4a427b\" data-element_type=\"widget\" data-widget_type=\"text-editor.default\">\n\t\t\t\t<div class=\"elementor-widget-container\">\n\t\t\t\t\t\t\t<p>PREPARATO FRESCO GIORNALMENTE<\/p>\n\t\t\t\t\t\t<\/div>\n\t\t\t\t<\/div>\n\t\t\t\t<div class=\"elementor-element elementor-element-3df3690 elementor-widget elementor-widget-text-editor\" data-id=\"3df3690\" data-element_type=\"widget\" data-widget_type=\"text-editor.default\">\n\t\t\t\t<div class=\"elementor-widget-container\">\n\t\t\t\t\t\t\t<p><span style=\"font-weight: 400;\">La colazione e la cena devono differire almeno una volta alla settimana e il pranzo deve differire almeno una volta ogni due settimane. Fatta eccezione per le persone che seguono una dieta speciale e in circostanze in cui danneggiano direttamente la salute dei nostri affittuari, le quantit\u00e0 di cibo, bevande a base di latte, succhi, frutta e dolci non sono controllate. A seconda delle condizioni di salute dell&#8217;inquilino, la cena pu\u00f2 avvenire nel salone per i festeggiamenti, nel soggiorno al primo piano o nella camera. Tutti i piatti sono sempre preparati al momento, vari e prodotti con ingredienti biologici di alta qualit\u00e0.<\/span><\/p>\n\t\t\t\t\t\t<\/div>\n\t\t\t\t<\/div>\n\t\t\t\t<\/div>\n\t\t\t\t\t<\/div>\n\t\t\t\t<\/div>\n\t\t<div data-particle_enable=\"false\" data-particle-mobile-disabled=\"false\" class=\"elementor-element elementor-element-e69ec7f e-flex e-con-boxed e-con\" data-id=\"e69ec7f\" data-element_type=\"container\" data-settings=\"{&quot;content_width&quot;:&quot;boxed&quot;}\">\n\t\t\t\t\t<div class=\"e-con-inner\">\n\t\t<div data-particle_enable=\"false\" data-particle-mobile-disabled=\"false\" class=\"elementor-element elementor-element-2e25a7d e-con-full e-flex e-con\" data-id=\"2e25a7d\" data-element_type=\"container\" data-settings=\"{&quot;content_width&quot;:&quot;full&quot;}\">\n\t\t\t\t<div class=\"elementor-element elementor-element-11fbcfb elementor-widget elementor-widget-image\" data-id=\"11fbcfb\" data-element_type=\"widget\" data-widget_type=\"image.default\">\n\t\t\t\t<div class=\"elementor-widget-container\">\n\t\t\t\t\t\t\t\t\t\t\t\t\t\t\t<img loading=\"lazy\" decoding=\"async\" width=\"880\" height=\"660\" src=\"https:\/\/www.domsvgeorgije.com\/wp-content\/uploads\/2023\/07\/HIGIJENA.jpg\" class=\"attachment-large size-large wp-image-349\" alt=\"\" srcset=\"https:\/\/www.domsvgeorgije.com\/wp-content\/uploads\/2023\/07\/HIGIJENA.jpg 880w, https:\/\/www.domsvgeorgije.com\/wp-content\/uploads\/2023\/07\/HIGIJENA-300x225.jpg 300w, https:\/\/www.domsvgeorgije.com\/wp-content\/uploads\/2023\/07\/HIGIJENA-768x576.jpg 768w\" sizes=\"auto, (max-width: 880px) 100vw, 880px\" \/>\t\t\t\t\t\t\t\t\t\t\t\t\t\t\t<\/div>\n\t\t\t\t<\/div>\n\t\t\t\t<\/div>\n\t\t<div data-particle_enable=\"false\" data-particle-mobile-disabled=\"false\" class=\"elementor-element elementor-element-e69363b e-con-full e-flex e-con\" data-id=\"e69363b\" data-element_type=\"container\" data-settings=\"{&quot;content_width&quot;:&quot;full&quot;}\">\n\t\t\t\t<div class=\"elementor-element elementor-element-4cab877 elementor-widget elementor-widget-heading\" data-id=\"4cab877\" data-element_type=\"widget\" data-widget_type=\"heading.default\">\n\t\t\t\t<div class=\"elementor-widget-container\">\n\t\t\t<h2 class=\"elementor-heading-title elementor-size-default\">IGIENE<\/h2>\t\t<\/div>\n\t\t\t\t<\/div>\n\t\t\t\t<div class=\"elementor-element elementor-element-1588777 elementor-widget elementor-widget-text-editor\" data-id=\"1588777\" data-element_type=\"widget\" data-widget_type=\"text-editor.default\">\n\t\t\t\t<div class=\"elementor-widget-container\">\n\t\t\t\t\t\t\t<p>NON \u00c8 MAI TROPPO PULITO<\/p>\n\t\t\t\t\t\t<\/div>\n\t\t\t\t<\/div>\n\t\t\t\t<div class=\"elementor-element elementor-element-ca21232 elementor-widget elementor-widget-text-editor\" data-id=\"ca21232\" data-element_type=\"widget\" data-widget_type=\"text-editor.default\">\n\t\t\t\t<div class=\"elementor-widget-container\">\n\t\t\t\t\t\t\t<p><span style=\"font-weight: 400;\">La struttura mantiene un elevato livello di igiene, garantendo la linea cortesia di base per ogni utente, il cambio giornaliero degli asciugamani, il cambio bisettimanale o pi\u00f9 frequente della biancheria da letto secondo necessit\u00e0, la regolare pulizia delle camere e delle aree comuni e l&#8217;assistenza alle persone a mobilit\u00e0 ridotta nel mantenimento quotidiano e igiene personale generale. Tutti i materiali e i mobili da incasso sono selezionati per fornire una protezione igienica completa e il sistema di ventilazione garantisce che l&#8217;aria fresca sia sempre presente. &#8220;Non c&#8217;\u00e8 niente di troppo pulito&#8221;, crediamo.<\/span><\/p>\n\t\t\t\t\t\t<\/div>\n\t\t\t\t<\/div>\n\t\t\t\t<\/div>\n\t\t\t\t\t<\/div>\n\t\t\t\t<\/div>\n\t\t\t\t\t\t\t<\/div>\n\t\t","protected":false},"excerpt":{"rendered":"<p>CONTROLLI REGOLARI LA TUA SALUTE \u00c8 LA NOSTRA CURA La residenza dispone di un proprio laboratorio e di apparecchiature diagnostiche di base. Possiede un&#8217;ambulanza per il trasporto in caso di intervento di emergenza che eccede le nostre capacit\u00e0, e ha una siglata collaborazione tecnico-aziendale con le istituzioni sanitarie locali e statali. Sono previste anche visite &hellip;<\/p>\n<p class=\"read-more\"> <a class=\"\" href=\"https:\/\/www.domsvgeorgije.com\/it\/servizi\/\"> <span class=\"screen-reader-text\">Servizi<\/span> Leggi altro &raquo;<\/a><\/p>\n","protected":false},"author":2,"featured_media":0,"parent":0,"menu_order":3,"comment_status":"closed","ping_status":"closed","template":"","meta":{"inline_featured_image":false,"site-sidebar-layout":"no-sidebar","site-content-layout":"page-builder","ast-global-header-display":"","ast-banner-title-visibility":"","ast-main-header-display":"","ast-hfb-above-header-display":"","ast-hfb-below-header-display":"","ast-hfb-mobile-header-display":"","site-post-title":"disabled","ast-breadcrumbs-content":"","ast-featured-img":"disabled","footer-sml-layout":"","theme-transparent-header-meta":"","adv-header-id-meta":"","stick-header-meta":"","header-above-stick-meta":"","header-main-stick-meta":"","header-below-stick-meta":"","footnotes":""},"class_list":["post-749","page","type-page","status-publish","hentry"],"_links":{"self":[{"href":"https:\/\/www.domsvgeorgije.com\/it\/wp-json\/wp\/v2\/pages\/749","targetHints":{"allow":["GET"]}}],"collection":[{"href":"https:\/\/www.domsvgeorgije.com\/it\/wp-json\/wp\/v2\/pages"}],"about":[{"href":"https:\/\/www.domsvgeorgije.com\/it\/wp-json\/wp\/v2\/types\/page"}],"author":[{"embeddable":true,"href":"https:\/\/www.domsvgeorgije.com\/it\/wp-json\/wp\/v2\/users\/2"}],"replies":[{"embeddable":true,"href":"https:\/\/www.domsvgeorgije.com\/it\/wp-json\/wp\/v2\/comments?post=749"}],"version-history":[{"count":2,"href":"https:\/\/www.domsvgeorgije.com\/it\/wp-json\/wp\/v2\/pages\/749\/revisions"}],"predecessor-version":[{"id":755,"href":"https:\/\/www.domsvgeorgije.com\/it\/wp-json\/wp\/v2\/pages\/749\/revisions\/755"}],"wp:attachment":[{"href":"https:\/\/www.domsvgeorgije.com\/it\/wp-json\/wp\/v2\/media?parent=749"}],"curies":[{"name":"wp","href":"https:\/\/api.w.org\/{rel}","templated":true}]}}