{"id":702,"date":"2023-06-30T12:14:09","date_gmt":"2023-06-30T10:14:09","guid":{"rendered":"https:\/\/www.domsvgeorgije.com\/prestations-de-service\/"},"modified":"2023-07-10T02:59:29","modified_gmt":"2023-07-10T00:59:29","slug":"prestations-de-service","status":"publish","type":"page","link":"https:\/\/www.domsvgeorgije.com\/fr\/prestations-de-service\/","title":{"rendered":"Prestations de service"},"content":{"rendered":"\t\t<div data-elementor-type=\"wp-page\" data-elementor-id=\"702\" class=\"elementor elementor-702 elementor-39\" data-elementor-post-type=\"page\">\n\t\t\t\t\t\t\t<div data-particle_enable=\"false\" data-particle-mobile-disabled=\"false\" class=\"elementor-element elementor-element-dff3539 e-flex e-con-boxed e-con\" data-id=\"dff3539\" data-element_type=\"container\" data-settings=\"{&quot;background_background&quot;:&quot;classic&quot;,&quot;content_width&quot;:&quot;boxed&quot;}\">\n\t\t\t\t\t<div class=\"e-con-inner\">\n\t\t\t\t<div class=\"elementor-element elementor-element-a73f47b elementor-widget elementor-widget-heading\" data-id=\"a73f47b\" data-element_type=\"widget\" data-widget_type=\"heading.default\">\n\t\t\t\t<div class=\"elementor-widget-container\">\n\t\t\t<style>\/*! elementor - v3.14.0 - 18-06-2023 *\/\n.elementor-heading-title{padding:0;margin:0;line-height:1}.elementor-widget-heading .elementor-heading-title[class*=elementor-size-]>a{color:inherit;font-size:inherit;line-height:inherit}.elementor-widget-heading .elementor-heading-title.elementor-size-small{font-size:15px}.elementor-widget-heading .elementor-heading-title.elementor-size-medium{font-size:19px}.elementor-widget-heading .elementor-heading-title.elementor-size-large{font-size:29px}.elementor-widget-heading .elementor-heading-title.elementor-size-xl{font-size:39px}.elementor-widget-heading .elementor-heading-title.elementor-size-xxl{font-size:59px}<\/style><h1 class=\"elementor-heading-title elementor-size-default\">Prestations de service<\/h1>\t\t<\/div>\n\t\t\t\t<\/div>\n\t\t\t\t\t<\/div>\n\t\t\t\t<\/div>\n\t\t<div data-particle_enable=\"false\" data-particle-mobile-disabled=\"false\" class=\"elementor-element elementor-element-477ecf1 e-flex e-con-boxed e-con\" data-id=\"477ecf1\" data-element_type=\"container\" data-settings=\"{&quot;content_width&quot;:&quot;boxed&quot;}\">\n\t\t\t\t\t<div class=\"e-con-inner\">\n\t\t<div data-particle_enable=\"false\" data-particle-mobile-disabled=\"false\" class=\"elementor-element elementor-element-6dd6f0a e-con-full e-flex e-con\" data-id=\"6dd6f0a\" data-element_type=\"container\" data-settings=\"{&quot;content_width&quot;:&quot;full&quot;}\">\n\t\t\t\t<div class=\"elementor-element elementor-element-d9f439e elementor-widget elementor-widget-heading\" data-id=\"d9f439e\" data-element_type=\"widget\" data-widget_type=\"heading.default\">\n\t\t\t\t<div class=\"elementor-widget-container\">\n\t\t\t<h2 class=\"elementor-heading-title elementor-size-default\">V\u00c9RIFICATIONS R\u00c9GULI\u00c8RES<\/h2>\t\t<\/div>\n\t\t\t\t<\/div>\n\t\t\t\t<div class=\"elementor-element elementor-element-49db0bf elementor-widget elementor-widget-text-editor\" data-id=\"49db0bf\" data-element_type=\"widget\" data-widget_type=\"text-editor.default\">\n\t\t\t\t<div class=\"elementor-widget-container\">\n\t\t\t<style>\/*! elementor - v3.14.0 - 18-06-2023 *\/\n.elementor-widget-text-editor.elementor-drop-cap-view-stacked .elementor-drop-cap{background-color:#69727d;color:#fff}.elementor-widget-text-editor.elementor-drop-cap-view-framed .elementor-drop-cap{color:#69727d;border:3px solid;background-color:transparent}.elementor-widget-text-editor:not(.elementor-drop-cap-view-default) .elementor-drop-cap{margin-top:8px}.elementor-widget-text-editor:not(.elementor-drop-cap-view-default) .elementor-drop-cap-letter{width:1em;height:1em}.elementor-widget-text-editor .elementor-drop-cap{float:left;text-align:center;line-height:1;font-size:50px}.elementor-widget-text-editor .elementor-drop-cap-letter{display:inline-block}<\/style>\t\t\t\t<p>VOTRE SANT\u00c9 EST NOTRE SOIN<\/p>\n\t\t\t\t\t\t<\/div>\n\t\t\t\t<\/div>\n\t\t\t\t<div class=\"elementor-element elementor-element-7926f7d elementor-widget elementor-widget-text-editor\" data-id=\"7926f7d\" data-element_type=\"widget\" data-widget_type=\"text-editor.default\">\n\t\t\t\t<div class=\"elementor-widget-container\">\n\t\t\t\t\t\t\t<p><span style=\"font-weight: 400;\">La r\u00e9sidence dispose de son propre laboratoire et d&rsquo;un \u00e9quipement de diagnostic de base. Il poss\u00e8de une ambulance pour le transport en cas d&rsquo;intervention d&rsquo;urgence qui d\u00e9passe nos capacit\u00e9s, et a sign\u00e9 une coop\u00e9ration commerciale et technique avec des institutions de sant\u00e9 locales et nationales. Des visites de m\u00e9decins sp\u00e9cialistes sont \u00e9galement pr\u00e9vues. M\u00e9decins, infirmiers-chefs, psychologues, kin\u00e9sith\u00e9rapeutes, infirmiers et aides-soignants exer\u00e7ant un emploi \u00e0 temps plein.<\/span><\/p>\n\t\t\t\t\t\t<\/div>\n\t\t\t\t<\/div>\n\t\t\t\t<\/div>\n\t\t<div data-particle_enable=\"false\" data-particle-mobile-disabled=\"false\" class=\"elementor-element elementor-element-eac6bdb e-con-full e-flex e-con\" data-id=\"eac6bdb\" data-element_type=\"container\" data-settings=\"{&quot;content_width&quot;:&quot;full&quot;}\">\n\t\t\t\t<div class=\"elementor-element elementor-element-1c892b1 elementor-widget elementor-widget-image\" data-id=\"1c892b1\" data-element_type=\"widget\" data-widget_type=\"image.default\">\n\t\t\t\t<div class=\"elementor-widget-container\">\n\t\t\t<style>\/*! elementor - v3.14.0 - 18-06-2023 *\/\n.elementor-widget-image{text-align:center}.elementor-widget-image a{display:inline-block}.elementor-widget-image a img[src$=\".svg\"]{width:48px}.elementor-widget-image img{vertical-align:middle;display:inline-block}<\/style>\t\t\t\t\t\t\t\t\t\t\t\t<img loading=\"lazy\" decoding=\"async\" width=\"880\" height=\"660\" src=\"https:\/\/www.domsvgeorgije.com\/wp-content\/uploads\/2023\/07\/REDOVITE-KONTROLE.jpg\" class=\"attachment-large size-large wp-image-347\" alt=\"\" srcset=\"https:\/\/www.domsvgeorgije.com\/wp-content\/uploads\/2023\/07\/REDOVITE-KONTROLE.jpg 880w, https:\/\/www.domsvgeorgije.com\/wp-content\/uploads\/2023\/07\/REDOVITE-KONTROLE-300x225.jpg 300w, https:\/\/www.domsvgeorgije.com\/wp-content\/uploads\/2023\/07\/REDOVITE-KONTROLE-768x576.jpg 768w\" sizes=\"auto, (max-width: 880px) 100vw, 880px\" \/>\t\t\t\t\t\t\t\t\t\t\t\t\t\t\t<\/div>\n\t\t\t\t<\/div>\n\t\t\t\t<\/div>\n\t\t\t\t\t<\/div>\n\t\t\t\t<\/div>\n\t\t<div data-particle_enable=\"false\" data-particle-mobile-disabled=\"false\" class=\"elementor-element elementor-element-2007858 e-flex e-con-boxed e-con\" data-id=\"2007858\" data-element_type=\"container\" data-settings=\"{&quot;content_width&quot;:&quot;boxed&quot;}\">\n\t\t\t\t\t<div class=\"e-con-inner\">\n\t\t<div data-particle_enable=\"false\" data-particle-mobile-disabled=\"false\" class=\"elementor-element elementor-element-7d6a3fc e-con-full e-flex e-con\" data-id=\"7d6a3fc\" data-element_type=\"container\" data-settings=\"{&quot;content_width&quot;:&quot;full&quot;}\">\n\t\t\t\t<div class=\"elementor-element elementor-element-6539c07 elementor-widget elementor-widget-image\" data-id=\"6539c07\" data-element_type=\"widget\" data-widget_type=\"image.default\">\n\t\t\t\t<div class=\"elementor-widget-container\">\n\t\t\t\t\t\t\t\t\t\t\t\t\t\t\t<img loading=\"lazy\" decoding=\"async\" width=\"880\" height=\"660\" src=\"https:\/\/www.domsvgeorgije.com\/wp-content\/uploads\/2023\/07\/HRANLJIVA-HRANA.jpg\" class=\"attachment-large size-large wp-image-348\" alt=\"\" srcset=\"https:\/\/www.domsvgeorgije.com\/wp-content\/uploads\/2023\/07\/HRANLJIVA-HRANA.jpg 880w, https:\/\/www.domsvgeorgije.com\/wp-content\/uploads\/2023\/07\/HRANLJIVA-HRANA-300x225.jpg 300w, https:\/\/www.domsvgeorgije.com\/wp-content\/uploads\/2023\/07\/HRANLJIVA-HRANA-768x576.jpg 768w\" sizes=\"auto, (max-width: 880px) 100vw, 880px\" \/>\t\t\t\t\t\t\t\t\t\t\t\t\t\t\t<\/div>\n\t\t\t\t<\/div>\n\t\t\t\t<\/div>\n\t\t<div data-particle_enable=\"false\" data-particle-mobile-disabled=\"false\" class=\"elementor-element elementor-element-618324f e-con-full e-flex e-con\" data-id=\"618324f\" data-element_type=\"container\" data-settings=\"{&quot;content_width&quot;:&quot;full&quot;}\">\n\t\t\t\t<div class=\"elementor-element elementor-element-1a1a703 elementor-widget elementor-widget-heading\" data-id=\"1a1a703\" data-element_type=\"widget\" data-widget_type=\"heading.default\">\n\t\t\t\t<div class=\"elementor-widget-container\">\n\t\t\t<h2 class=\"elementor-heading-title elementor-size-default\">ALIMENTS NUTRITIFS<\/h2>\t\t<\/div>\n\t\t\t\t<\/div>\n\t\t\t\t<div class=\"elementor-element elementor-element-a4a427b elementor-widget elementor-widget-text-editor\" data-id=\"a4a427b\" data-element_type=\"widget\" data-widget_type=\"text-editor.default\">\n\t\t\t\t<div class=\"elementor-widget-container\">\n\t\t\t\t\t\t\t<p>PR\u00c9PAR\u00c9 FRAIS QUOTIDIENNEMENT<\/p>\n\t\t\t\t\t\t<\/div>\n\t\t\t\t<\/div>\n\t\t\t\t<div class=\"elementor-element elementor-element-3df3690 elementor-widget elementor-widget-text-editor\" data-id=\"3df3690\" data-element_type=\"widget\" data-widget_type=\"text-editor.default\">\n\t\t\t\t<div class=\"elementor-widget-container\">\n\t\t\t\t\t\t\t<p><span style=\"font-weight: 400;\">Le petit-d\u00e9jeuner et le d\u00eener doivent diff\u00e9rer au moins une fois par semaine, et le d\u00e9jeuner doit diff\u00e9rer au moins une fois toutes les deux semaines. Sauf pour les personnes suivant un r\u00e9gime alimentaire particulier et dans des circonstances o\u00f9 elles nuisent directement \u00e0 la sant\u00e9 de nos locataires, les quantit\u00e9s de nourriture, boissons lact\u00e9es, jus, fruits et viennoiseries ne sont pas contr\u00f4l\u00e9es. Selon l&rsquo;\u00e9tat de sant\u00e9 du locataire, les repas peuvent avoir lieu dans le hall des f\u00eates, le salon au premier \u00e9tage ou la chambre. Tous les plats sont toujours fra\u00eechement pr\u00e9par\u00e9s, vari\u00e9s et produits \u00e0 partir d&rsquo;ingr\u00e9dients biologiques de haute qualit\u00e9.<\/span><\/p>\n\t\t\t\t\t\t<\/div>\n\t\t\t\t<\/div>\n\t\t\t\t<\/div>\n\t\t\t\t\t<\/div>\n\t\t\t\t<\/div>\n\t\t<div data-particle_enable=\"false\" data-particle-mobile-disabled=\"false\" class=\"elementor-element elementor-element-e69ec7f e-flex e-con-boxed e-con\" data-id=\"e69ec7f\" data-element_type=\"container\" data-settings=\"{&quot;content_width&quot;:&quot;boxed&quot;}\">\n\t\t\t\t\t<div class=\"e-con-inner\">\n\t\t<div data-particle_enable=\"false\" data-particle-mobile-disabled=\"false\" class=\"elementor-element elementor-element-2e25a7d e-con-full e-flex e-con\" data-id=\"2e25a7d\" data-element_type=\"container\" data-settings=\"{&quot;content_width&quot;:&quot;full&quot;}\">\n\t\t\t\t<div class=\"elementor-element elementor-element-11fbcfb elementor-widget elementor-widget-image\" data-id=\"11fbcfb\" data-element_type=\"widget\" data-widget_type=\"image.default\">\n\t\t\t\t<div class=\"elementor-widget-container\">\n\t\t\t\t\t\t\t\t\t\t\t\t\t\t\t<img loading=\"lazy\" decoding=\"async\" width=\"880\" height=\"660\" src=\"https:\/\/www.domsvgeorgije.com\/wp-content\/uploads\/2023\/07\/HIGIJENA.jpg\" class=\"attachment-large size-large wp-image-349\" alt=\"\" srcset=\"https:\/\/www.domsvgeorgije.com\/wp-content\/uploads\/2023\/07\/HIGIJENA.jpg 880w, https:\/\/www.domsvgeorgije.com\/wp-content\/uploads\/2023\/07\/HIGIJENA-300x225.jpg 300w, https:\/\/www.domsvgeorgije.com\/wp-content\/uploads\/2023\/07\/HIGIJENA-768x576.jpg 768w\" sizes=\"auto, (max-width: 880px) 100vw, 880px\" \/>\t\t\t\t\t\t\t\t\t\t\t\t\t\t\t<\/div>\n\t\t\t\t<\/div>\n\t\t\t\t<\/div>\n\t\t<div data-particle_enable=\"false\" data-particle-mobile-disabled=\"false\" class=\"elementor-element elementor-element-e69363b e-con-full e-flex e-con\" data-id=\"e69363b\" data-element_type=\"container\" data-settings=\"{&quot;content_width&quot;:&quot;full&quot;}\">\n\t\t\t\t<div class=\"elementor-element elementor-element-4cab877 elementor-widget elementor-widget-heading\" data-id=\"4cab877\" data-element_type=\"widget\" data-widget_type=\"heading.default\">\n\t\t\t\t<div class=\"elementor-widget-container\">\n\t\t\t<h2 class=\"elementor-heading-title elementor-size-default\">HYGI\u00c8NE<\/h2>\t\t<\/div>\n\t\t\t\t<\/div>\n\t\t\t\t<div class=\"elementor-element elementor-element-1588777 elementor-widget elementor-widget-text-editor\" data-id=\"1588777\" data-element_type=\"widget\" data-widget_type=\"text-editor.default\">\n\t\t\t\t<div class=\"elementor-widget-container\">\n\t\t\t\t\t\t\t<p>CE N&rsquo;EST JAMAIS TROP PROPRE<\/p>\n\t\t\t\t\t\t<\/div>\n\t\t\t\t<\/div>\n\t\t\t\t<div class=\"elementor-element elementor-element-ca21232 elementor-widget elementor-widget-text-editor\" data-id=\"ca21232\" data-element_type=\"widget\" data-widget_type=\"text-editor.default\">\n\t\t\t\t<div class=\"elementor-widget-container\">\n\t\t\t\t\t\t\t<p><span style=\"font-weight: 400;\">L&rsquo;\u00e9tablissement maintient un haut niveau d&rsquo;hygi\u00e8ne, en assurant des articles de toilette de base pour chaque utilisateur, en changeant les serviettes quotidiennement, en changeant le linge de lit deux fois par semaine ou plus souvent selon les besoins, en nettoyant r\u00e9guli\u00e8rement les chambres et les espaces communs et en aidant les personnes \u00e0 mobilit\u00e9 r\u00e9duite \u00e0 entretenir quotidiennement et l&rsquo;hygi\u00e8ne personnelle g\u00e9n\u00e9rale. Tous les mat\u00e9riaux et meubles int\u00e9gr\u00e9s sont s\u00e9lectionn\u00e9s pour fournir une protection hygi\u00e9nique compl\u00e8te, et le syst\u00e8me de ventilation garantit que l&rsquo;air frais est toujours pr\u00e9sent. \u00ab\u00a0Il n&rsquo;y a pas de trop propre\u00a0\u00bb, pensons-nous.<\/span><\/p>\n\t\t\t\t\t\t<\/div>\n\t\t\t\t<\/div>\n\t\t\t\t<\/div>\n\t\t\t\t\t<\/div>\n\t\t\t\t<\/div>\n\t\t\t\t\t\t\t<\/div>\n\t\t","protected":false},"excerpt":{"rendered":"<p>V\u00c9RIFICATIONS R\u00c9GULI\u00c8RES VOTRE SANT\u00c9 EST NOTRE SOIN La r\u00e9sidence dispose de son propre laboratoire et d&rsquo;un \u00e9quipement de diagnostic de base. Il poss\u00e8de une ambulance pour le transport en cas d&rsquo;intervention d&rsquo;urgence qui d\u00e9passe nos capacit\u00e9s, et a sign\u00e9 une coop\u00e9ration commerciale et technique avec des institutions de sant\u00e9 locales et nationales. Des visites de &hellip;<\/p>\n<p class=\"read-more\"> <a class=\"\" href=\"https:\/\/www.domsvgeorgije.com\/fr\/prestations-de-service\/\"> <span class=\"screen-reader-text\">Prestations de service<\/span> Lire la suite\u00a0\u00bb<\/a><\/p>\n","protected":false},"author":2,"featured_media":0,"parent":0,"menu_order":3,"comment_status":"closed","ping_status":"closed","template":"","meta":{"inline_featured_image":false,"site-sidebar-layout":"no-sidebar","site-content-layout":"page-builder","ast-global-header-display":"","ast-banner-title-visibility":"","ast-main-header-display":"","ast-hfb-above-header-display":"","ast-hfb-below-header-display":"","ast-hfb-mobile-header-display":"","site-post-title":"disabled","ast-breadcrumbs-content":"","ast-featured-img":"disabled","footer-sml-layout":"","theme-transparent-header-meta":"","adv-header-id-meta":"","stick-header-meta":"","header-above-stick-meta":"","header-main-stick-meta":"","header-below-stick-meta":"","footnotes":""},"class_list":["post-702","page","type-page","status-publish","hentry"],"_links":{"self":[{"href":"https:\/\/www.domsvgeorgije.com\/fr\/wp-json\/wp\/v2\/pages\/702","targetHints":{"allow":["GET"]}}],"collection":[{"href":"https:\/\/www.domsvgeorgije.com\/fr\/wp-json\/wp\/v2\/pages"}],"about":[{"href":"https:\/\/www.domsvgeorgije.com\/fr\/wp-json\/wp\/v2\/types\/page"}],"author":[{"embeddable":true,"href":"https:\/\/www.domsvgeorgije.com\/fr\/wp-json\/wp\/v2\/users\/2"}],"replies":[{"embeddable":true,"href":"https:\/\/www.domsvgeorgije.com\/fr\/wp-json\/wp\/v2\/comments?post=702"}],"version-history":[{"count":2,"href":"https:\/\/www.domsvgeorgije.com\/fr\/wp-json\/wp\/v2\/pages\/702\/revisions"}],"predecessor-version":[{"id":707,"href":"https:\/\/www.domsvgeorgije.com\/fr\/wp-json\/wp\/v2\/pages\/702\/revisions\/707"}],"wp:attachment":[{"href":"https:\/\/www.domsvgeorgije.com\/fr\/wp-json\/wp\/v2\/media?parent=702"}],"curies":[{"name":"wp","href":"https:\/\/api.w.org\/{rel}","templated":true}]}}